{"id":3461,"date":"2023-05-24T11:00:52","date_gmt":"2023-05-24T09:00:52","guid":{"rendered":"https:\/\/porteslorenzo.apprendes.es\/?page_id=3461"},"modified":"2024-03-20T18:55:31","modified_gmt":"2024-03-20T17:55:31","slug":"politica-de-proteccion-de-datos-y-privacidad","status":"publish","type":"page","link":"https:\/\/porteslorenzo.es\/en\/politica-de-proteccion-de-datos-y-privacidad\/","title":{"rendered":"Pol\u00edtica de Protecci\u00f3n de datos y Privacidad"},"content":{"rendered":"<div data-elementor-type=\"wp-page\" data-elementor-id=\"3461\" class=\"elementor elementor-3461\" data-elementor-post-type=\"page\">\n\t\t\t\t\t\t<section class=\"elementor-section elementor-top-section elementor-element elementor-element-51fe1fb elementor-section-stretched elementor-section-boxed elementor-section-height-default elementor-section-height-default\" data-id=\"51fe1fb\" data-element_type=\"section\" data-e-type=\"section\" data-settings=\"{&quot;stretch_section&quot;:&quot;section-stretched&quot;}\">\n\t\t\t\t\t\t<div class=\"elementor-container elementor-column-gap-default\">\n\t\t\t\t\t<div class=\"elementor-column elementor-col-100 elementor-top-column elementor-element elementor-element-4a9977c\" data-id=\"4a9977c\" data-element_type=\"column\" data-e-type=\"column\">\n\t\t\t<div class=\"elementor-widget-wrap elementor-element-populated\">\n\t\t\t\t\t\t<div class=\"elementor-element elementor-element-781beec elementor-widget elementor-widget-spacer\" data-id=\"781beec\" data-element_type=\"widget\" data-e-type=\"widget\" data-widget_type=\"spacer.default\">\n\t\t\t\t<div class=\"elementor-widget-container\">\n\t\t\t\t\t\t\t<div class=\"elementor-spacer\">\n\t\t\t<div class=\"elementor-spacer-inner\"><\/div>\n\t\t<\/div>\n\t\t\t\t\t\t<\/div>\n\t\t\t\t<\/div>\n\t\t\t\t<div class=\"elementor-element elementor-element-eac611b elementor-widget elementor-widget-heading\" data-id=\"eac611b\" data-element_type=\"widget\" data-e-type=\"widget\" data-widget_type=\"heading.default\">\n\t\t\t\t<div class=\"elementor-widget-container\">\n\t\t\t\t\t<h1 class=\"elementor-heading-title elementor-size-default\">Privacy Policy<\/h1>\t\t\t\t<\/div>\n\t\t\t\t<\/div>\n\t\t\t\t<div class=\"elementor-element elementor-element-a77ba66 elementor-widget elementor-widget-text-editor\" data-id=\"a77ba66\" data-element_type=\"widget\" data-e-type=\"widget\" data-widget_type=\"text-editor.default\">\n\t\t\t\t<div class=\"elementor-widget-container\">\n\t\t\t\t\t\t\t\t\t<p>In compliance with the provisions of the <strong>General Data Protection Regulation 2016\/679 of the European Parliament and of the Council, of April 27, 2016<\/strong>, we inform you that the personal data collected through this website have as legal basis the relationship commercial maintained between the parties; that they will be incorporated into a file whose responsibility is <strong>PORTES LORENZO<\/strong>, with CIF: B42847129; that will be used for the purpose of managing the agreed commercial relationship, providing you with the requested services and informing you about our products and services; that will be kept for the period that the commercial relationship is maintained or, once this relationship has ended, the possibility of starting new relationships remains; that you have the right to file a claim with the competent control authority for the improper or inappropriate use of the same (Spanish Data Protection Agency: www.agpd.es); and that you have the obligation to provide the data that is necessary for the development of the commercial relationship concerned, and failure to provide it may result in the impossibility of carrying it out.<\/p><p>The personal data contained in this file will be treated in accordance with legal requirements, adopting the corresponding security measures to prevent its alteration, loss, processing or unauthorized access. It will be understood that the data provided by you is true, accurate and updated, and you are responsible for the consequences that the provision of false or inaccurate data may cause to third parties.<\/p><p>Through this website, personal data is not collected from users without their express consent, which reflects a free, specific, informed and unequivocal expression of will, nor is it transferred to third parties.<\/p><p>By accepting this Privacy Policy and clicking the \u201cSend\u201d button, you expressly consent to the processing of your personal data by <strong>PORTES LORENZO<\/strong><strong>\u00a0<\/strong>and undertakes that the personal data requested are strictly necessary to provide the requested service.<\/p><p>In accordance with the provisions of <strong>Law 34\/2002, of July 11, on Information Society Services and Electronic Commerce, PORTES LORENZO<\/strong> undertakes not to send advertising via email without having first obtained the express authorization of the recipient. . The user may object to the sending of advertising by checking the corresponding box.<\/p><p>In order to offer you the best service and in order to facilitate use, the number of pages visited, the number of visits, as well as the activity of visitors and their frequency of use are analyzed. For these purposes, <strong>PORTES LORENZO<\/strong> uses the statistical information prepared by the Internet Service Provider.<\/p><p>The portal owned by <strong>PORTES LORENZO<\/strong> contains links to third-party websites, whose privacy policies are unrelated to <strong>PORTES LORENZO.<\/strong> By accessing such websites you can decide whether to accept their privacy and cookie policies. In general, if you browse the Internet, you can accept or reject third-party cookies from the configuration options of your browser.<\/p><p>Sometimes, the logos of some clients may be attached to the website for the sole reason of showing the user our commercial relationship. We appeal to transparency. If you see your anagram published on our website and wish it not to be the case, please communicate by email to info@porteslorenzo.es or by calling 669 983 802.<\/p><p>You may exercise, with respect to the data collected in the manner provided through this website, the rights recognized in the indicated regulations, and, in particular, the rights of access, rectification, cancellation and opposition, limitation of processing and portability, as well as the revocation of consent for the transfer of your data. The rights referred to in the previous paragraph may be exercised by written and signed request addressed to the registered office of <strong>PORTES LORENZO<\/strong>, located at Paseo de la Estaci\u00f3n, 26, Portal 2 \u2013 28904, Getafe Madrid, or by sending an email to <a style=\"color: #171796;\" href=\"mailto:info@porteslorenzo.es\">info@porteslorenzo.es, <\/a>accompanying a photocopy of your ID.<\/p><p>We work in intermediation and create service operations, we provide solutions. We are not a transport operator.<\/p>\t\t\t\t\t\t\t\t<\/div>\n\t\t\t\t<\/div>\n\t\t\t\t<div class=\"elementor-element elementor-element-f7ceef7 elementor-widget elementor-widget-spacer\" data-id=\"f7ceef7\" data-element_type=\"widget\" data-e-type=\"widget\" data-widget_type=\"spacer.default\">\n\t\t\t\t<div class=\"elementor-widget-container\">\n\t\t\t\t\t\t\t<div class=\"elementor-spacer\">\n\t\t\t<div class=\"elementor-spacer-inner\"><\/div>\n\t\t<\/div>\n\t\t\t\t\t\t<\/div>\n\t\t\t\t<\/div>\n\t\t\t\t\t<\/div>\n\t\t<\/div>\n\t\t\t\t\t<\/div>\n\t\t<\/section>\n\t\t\t\t<\/div>","protected":false},"excerpt":{"rendered":"<p>Pol\u00edtica de Privacidad En cumplimiento de lo dispuesto en el Reglamento General de Protecci\u00f3n de Datos 2016\/679 del Parlamento Europeo y del Consejo, de 27 de Abril de 2016, le informamos de que los datos personales recogidos a trav\u00e9s de este sitio web tienen como base jur\u00eddica la relaci\u00f3n comercial mantenida entre las partes; que [&hellip;]<\/p>\n","protected":false},"author":1,"featured_media":0,"parent":0,"menu_order":0,"comment_status":"closed","ping_status":"closed","template":"","meta":{"_glsr_average":0,"_glsr_ranking":0,"_glsr_reviews":0,"footnotes":""},"class_list":["post-3461","page","type-page","status-publish","hentry"],"yoast_head":"<!-- This site is optimized with the Yoast SEO plugin v27.3 - https:\/\/yoast.com\/product\/yoast-seo-wordpress\/ -->\n<title>Pol\u00edtica de Protecci\u00f3n de datos y Privacidad - Portes Lorenzo<\/title>\n<meta name=\"robots\" content=\"index, follow, max-snippet:-1, max-image-preview:large, max-video-preview:-1\" \/>\n<link rel=\"canonical\" href=\"https:\/\/porteslorenzo.es\/en\/politica-de-proteccion-de-datos-y-privacidad\/\" \/>\n<meta property=\"og:locale\" content=\"en_GB\" \/>\n<meta property=\"og:type\" content=\"article\" \/>\n<meta property=\"og:title\" content=\"Pol\u00edtica de Protecci\u00f3n de datos y Privacidad - Portes Lorenzo\" \/>\n<meta property=\"og:description\" content=\"Pol\u00edtica de Privacidad En cumplimiento de lo dispuesto en el Reglamento General de Protecci\u00f3n de Datos 2016\/679 del Parlamento Europeo y del Consejo, de 27 de Abril de 2016, le informamos de que los datos personales recogidos a trav\u00e9s de este sitio web tienen como base jur\u00eddica la relaci\u00f3n comercial mantenida entre las partes; que [&hellip;]\" \/>\n<meta property=\"og:url\" content=\"https:\/\/porteslorenzo.es\/en\/politica-de-proteccion-de-datos-y-privacidad\/\" \/>\n<meta property=\"og:site_name\" content=\"Portes Lorenzo\" \/>\n<meta property=\"article:publisher\" content=\"https:\/\/www.facebook.com\/porteslorenzo\" \/>\n<meta property=\"article:modified_time\" content=\"2024-03-20T17:55:31+00:00\" \/>\n<meta name=\"twitter:card\" content=\"summary_large_image\" \/>\n<meta name=\"twitter:label1\" content=\"Estimated reading time\" \/>\n\t<meta name=\"twitter:data1\" content=\"4 minutes\" \/>\n<script type=\"application\/ld+json\" class=\"yoast-schema-graph\">{\"@context\":\"https:\\\/\\\/schema.org\",\"@graph\":[{\"@type\":\"WebPage\",\"@id\":\"https:\\\/\\\/porteslorenzo.es\\\/politica-de-proteccion-de-datos-y-privacidad\\\/\",\"url\":\"https:\\\/\\\/porteslorenzo.es\\\/politica-de-proteccion-de-datos-y-privacidad\\\/\",\"name\":\"Pol\u00edtica de Protecci\u00f3n de datos y Privacidad - Portes Lorenzo\",\"isPartOf\":{\"@id\":\"https:\\\/\\\/porteslorenzo.es\\\/#website\"},\"datePublished\":\"2023-05-24T09:00:52+00:00\",\"dateModified\":\"2024-03-20T17:55:31+00:00\",\"breadcrumb\":{\"@id\":\"https:\\\/\\\/porteslorenzo.es\\\/politica-de-proteccion-de-datos-y-privacidad\\\/#breadcrumb\"},\"inLanguage\":\"en-GB\",\"potentialAction\":[{\"@type\":\"ReadAction\",\"target\":[\"https:\\\/\\\/porteslorenzo.es\\\/politica-de-proteccion-de-datos-y-privacidad\\\/\"]}]},{\"@type\":\"BreadcrumbList\",\"@id\":\"https:\\\/\\\/porteslorenzo.es\\\/politica-de-proteccion-de-datos-y-privacidad\\\/#breadcrumb\",\"itemListElement\":[{\"@type\":\"ListItem\",\"position\":1,\"name\":\"Portada\",\"item\":\"https:\\\/\\\/porteslorenzo.es\\\/\"},{\"@type\":\"ListItem\",\"position\":2,\"name\":\"Pol\u00edtica de Protecci\u00f3n de datos y Privacidad\"}]},{\"@type\":\"WebSite\",\"@id\":\"https:\\\/\\\/porteslorenzo.es\\\/#website\",\"url\":\"https:\\\/\\\/porteslorenzo.es\\\/\",\"name\":\"Portes Lorenzo\",\"description\":\"Mudanzas, traslados y transportes industriales de manera f\u00e1cil, flexible y econ\u00f3mica por Madrid, nacional o internacional, para particulares y empresas.\",\"publisher\":{\"@id\":\"https:\\\/\\\/porteslorenzo.es\\\/#organization\"},\"potentialAction\":[{\"@type\":\"SearchAction\",\"target\":{\"@type\":\"EntryPoint\",\"urlTemplate\":\"https:\\\/\\\/porteslorenzo.es\\\/?s={search_term_string}\"},\"query-input\":{\"@type\":\"PropertyValueSpecification\",\"valueRequired\":true,\"valueName\":\"search_term_string\"}}],\"inLanguage\":\"en-GB\"},{\"@type\":\"Organization\",\"@id\":\"https:\\\/\\\/porteslorenzo.es\\\/#organization\",\"name\":\"Portes Lorenzo\",\"url\":\"https:\\\/\\\/porteslorenzo.es\\\/\",\"logo\":{\"@type\":\"ImageObject\",\"inLanguage\":\"en-GB\",\"@id\":\"https:\\\/\\\/porteslorenzo.es\\\/#\\\/schema\\\/logo\\\/image\\\/\",\"url\":\"https:\\\/\\\/porteslorenzo.es\\\/wp-content\\\/uploads\\\/2024\\\/06\\\/Portes_y_Mudanzas_Lorenzo_logo.webp\",\"contentUrl\":\"https:\\\/\\\/porteslorenzo.es\\\/wp-content\\\/uploads\\\/2024\\\/06\\\/Portes_y_Mudanzas_Lorenzo_logo.webp\",\"width\":521,\"height\":148,\"caption\":\"Portes Lorenzo\"},\"image\":{\"@id\":\"https:\\\/\\\/porteslorenzo.es\\\/#\\\/schema\\\/logo\\\/image\\\/\"},\"sameAs\":[\"https:\\\/\\\/www.facebook.com\\\/porteslorenzo\",\"https:\\\/\\\/www.linkedin.com\\\/company\\\/portes-lorenzo\\\/\",\"https:\\\/\\\/www.instagram.com\\\/portes_lorenzo\\\/\"]}]}<\/script>\n<!-- \/ Yoast SEO plugin. -->","yoast_head_json":{"title":"Pol\u00edtica de Protecci\u00f3n de datos y Privacidad - Portes Lorenzo","robots":{"index":"index","follow":"follow","max-snippet":"max-snippet:-1","max-image-preview":"max-image-preview:large","max-video-preview":"max-video-preview:-1"},"canonical":"https:\/\/porteslorenzo.es\/en\/politica-de-proteccion-de-datos-y-privacidad\/","og_locale":"en_GB","og_type":"article","og_title":"Pol\u00edtica de Protecci\u00f3n de datos y Privacidad - Portes Lorenzo","og_description":"Pol\u00edtica de Privacidad En cumplimiento de lo dispuesto en el Reglamento General de Protecci\u00f3n de Datos 2016\/679 del Parlamento Europeo y del Consejo, de 27 de Abril de 2016, le informamos de que los datos personales recogidos a trav\u00e9s de este sitio web tienen como base jur\u00eddica la relaci\u00f3n comercial mantenida entre las partes; que [&hellip;]","og_url":"https:\/\/porteslorenzo.es\/en\/politica-de-proteccion-de-datos-y-privacidad\/","og_site_name":"Portes Lorenzo","article_publisher":"https:\/\/www.facebook.com\/porteslorenzo","article_modified_time":"2024-03-20T17:55:31+00:00","twitter_card":"summary_large_image","twitter_misc":{"Estimated reading time":"4 minutes"},"schema":{"@context":"https:\/\/schema.org","@graph":[{"@type":"WebPage","@id":"https:\/\/porteslorenzo.es\/politica-de-proteccion-de-datos-y-privacidad\/","url":"https:\/\/porteslorenzo.es\/politica-de-proteccion-de-datos-y-privacidad\/","name":"Pol\u00edtica de Protecci\u00f3n de datos y Privacidad - Portes Lorenzo","isPartOf":{"@id":"https:\/\/porteslorenzo.es\/#website"},"datePublished":"2023-05-24T09:00:52+00:00","dateModified":"2024-03-20T17:55:31+00:00","breadcrumb":{"@id":"https:\/\/porteslorenzo.es\/politica-de-proteccion-de-datos-y-privacidad\/#breadcrumb"},"inLanguage":"en-GB","potentialAction":[{"@type":"ReadAction","target":["https:\/\/porteslorenzo.es\/politica-de-proteccion-de-datos-y-privacidad\/"]}]},{"@type":"BreadcrumbList","@id":"https:\/\/porteslorenzo.es\/politica-de-proteccion-de-datos-y-privacidad\/#breadcrumb","itemListElement":[{"@type":"ListItem","position":1,"name":"Portada","item":"https:\/\/porteslorenzo.es\/"},{"@type":"ListItem","position":2,"name":"Pol\u00edtica de Protecci\u00f3n de datos y Privacidad"}]},{"@type":"WebSite","@id":"https:\/\/porteslorenzo.es\/#website","url":"https:\/\/porteslorenzo.es\/","name":"Portes Lorenzo","description":"Mudanzas, traslados y transportes industriales de manera f\u00e1cil, flexible y econ\u00f3mica por Madrid, nacional o internacional, para particulares y empresas.","publisher":{"@id":"https:\/\/porteslorenzo.es\/#organization"},"potentialAction":[{"@type":"SearchAction","target":{"@type":"EntryPoint","urlTemplate":"https:\/\/porteslorenzo.es\/?s={search_term_string}"},"query-input":{"@type":"PropertyValueSpecification","valueRequired":true,"valueName":"search_term_string"}}],"inLanguage":"en-GB"},{"@type":"Organization","@id":"https:\/\/porteslorenzo.es\/#organization","name":"Portes Lorenzo","url":"https:\/\/porteslorenzo.es\/","logo":{"@type":"ImageObject","inLanguage":"en-GB","@id":"https:\/\/porteslorenzo.es\/#\/schema\/logo\/image\/","url":"https:\/\/porteslorenzo.es\/wp-content\/uploads\/2024\/06\/Portes_y_Mudanzas_Lorenzo_logo.webp","contentUrl":"https:\/\/porteslorenzo.es\/wp-content\/uploads\/2024\/06\/Portes_y_Mudanzas_Lorenzo_logo.webp","width":521,"height":148,"caption":"Portes Lorenzo"},"image":{"@id":"https:\/\/porteslorenzo.es\/#\/schema\/logo\/image\/"},"sameAs":["https:\/\/www.facebook.com\/porteslorenzo","https:\/\/www.linkedin.com\/company\/portes-lorenzo\/","https:\/\/www.instagram.com\/portes_lorenzo\/"]}]}},"_links":{"self":[{"href":"https:\/\/porteslorenzo.es\/en\/wp-json\/wp\/v2\/pages\/3461","targetHints":{"allow":["GET"]}}],"collection":[{"href":"https:\/\/porteslorenzo.es\/en\/wp-json\/wp\/v2\/pages"}],"about":[{"href":"https:\/\/porteslorenzo.es\/en\/wp-json\/wp\/v2\/types\/page"}],"author":[{"embeddable":true,"href":"https:\/\/porteslorenzo.es\/en\/wp-json\/wp\/v2\/users\/1"}],"replies":[{"embeddable":true,"href":"https:\/\/porteslorenzo.es\/en\/wp-json\/wp\/v2\/comments?post=3461"}],"version-history":[{"count":17,"href":"https:\/\/porteslorenzo.es\/en\/wp-json\/wp\/v2\/pages\/3461\/revisions"}],"predecessor-version":[{"id":4341,"href":"https:\/\/porteslorenzo.es\/en\/wp-json\/wp\/v2\/pages\/3461\/revisions\/4341"}],"wp:attachment":[{"href":"https:\/\/porteslorenzo.es\/en\/wp-json\/wp\/v2\/media?parent=3461"}],"curies":[{"name":"wp","href":"https:\/\/api.w.org\/{rel}","templated":true}]}}