{"id":3545,"date":"2023-06-06T08:45:38","date_gmt":"2023-06-06T06:45:38","guid":{"rendered":"https:\/\/nueva.porteslorenzo.es\/?page_id=3545"},"modified":"2023-10-03T10:16:36","modified_gmt":"2023-10-03T08:16:36","slug":"representa-nuestra-marca","status":"publish","type":"page","link":"https:\/\/porteslorenzo.es\/en\/representa-nuestra-marca\/","title":{"rendered":"Represent our brand"},"content":{"rendered":"<div data-elementor-type=\"wp-page\" data-elementor-id=\"3545\" class=\"elementor elementor-3545\" data-elementor-post-type=\"page\">\n\t\t\t\t\t\t<section class=\"elementor-section elementor-top-section elementor-element elementor-element-e1175c6 elementor-section-full_width elementor-section-stretched elementor-section-height-default elementor-section-height-default\" data-id=\"e1175c6\" data-element_type=\"section\" data-e-type=\"section\" data-settings=\"{&quot;stretch_section&quot;:&quot;section-stretched&quot;,&quot;background_background&quot;:&quot;classic&quot;}\">\n\t\t\t\t\t\t\t<div class=\"elementor-background-overlay\"><\/div>\n\t\t\t\t\t\t\t<div class=\"elementor-container elementor-column-gap-default\">\n\t\t\t\t\t<div class=\"elementor-column elementor-col-50 elementor-top-column elementor-element elementor-element-57f8d47 elementor-invisible\" data-id=\"57f8d47\" data-element_type=\"column\" data-e-type=\"column\" data-settings=\"{&quot;background_background&quot;:&quot;classic&quot;,&quot;animation&quot;:&quot;slideInLeft&quot;}\">\n\t\t\t<div class=\"elementor-widget-wrap elementor-element-populated\">\n\t\t\t\t\t\t<div class=\"elementor-element elementor-element-7cbe379 elementor-widget elementor-widget-text-editor\" data-id=\"7cbe379\" data-element_type=\"widget\" data-e-type=\"widget\" data-widget_type=\"text-editor.default\">\n\t\t\t\t<div class=\"elementor-widget-container\">\n\t\t\t\t\t\t\t\t\t<p class=\"translation-block\">We are not Franchise. We have a competitive business model, with added value. Our Strategic Plan as a Commercial Brand that we are, is a work unit in each City. That is our great goal. <br>If you are interested, fill out the form and we will chat with you, whether you are a Transport Company, Investor, Self-Employed or want to start your business.<\/p>\t\t\t\t\t\t\t\t<\/div>\n\t\t\t\t<\/div>\n\t\t\t\t\t<\/div>\n\t\t<\/div>\n\t\t\t\t<div class=\"elementor-column elementor-col-50 elementor-top-column elementor-element elementor-element-e9a3358\" data-id=\"e9a3358\" data-element_type=\"column\" data-e-type=\"column\" data-settings=\"{&quot;background_background&quot;:&quot;classic&quot;}\">\n\t\t\t<div class=\"elementor-widget-wrap elementor-element-populated\">\n\t\t\t\t\t\t<div class=\"elementor-element elementor-element-b756e04 elementor-widget elementor-widget-heading\" data-id=\"b756e04\" data-element_type=\"widget\" data-e-type=\"widget\" data-widget_type=\"heading.default\">\n\t\t\t\t<div class=\"elementor-widget-container\">\n\t\t\t\t\t<h1 class=\"elementor-heading-title elementor-size-default\">Represent our brand<\/h1>\t\t\t\t<\/div>\n\t\t\t\t<\/div>\n\t\t\t\t<div class=\"elementor-element elementor-element-44c1e83 elementor-widget__width-auto elementor-widget elementor-widget-shortcode\" data-id=\"44c1e83\" data-element_type=\"widget\" data-e-type=\"widget\" data-widget_type=\"shortcode.default\">\n\t\t\t\t<div class=\"elementor-widget-container\">\n\t\t\t\t\t\t\t<div class=\"elementor-shortcode\">\n<div class=\"wpcf7 no-js\" id=\"wpcf7-f3543-o1\" lang=\"es-ES\" dir=\"ltr\" data-wpcf7-id=\"3543\">\n<div class=\"screen-reader-response\"><p role=\"status\" aria-live=\"polite\" aria-atomic=\"true\"><\/p> <ul><\/ul><\/div>\n<form action=\"\/en\/wp-json\/wp\/v2\/pages\/3545#wpcf7-f3543-o1\" method=\"post\" class=\"wpcf7-form init\" aria-label=\"Formulario de contacto\" novalidate=\"novalidate\" data-status=\"init\" data-trp-original-action=\"\/en\/wp-json\/wp\/v2\/pages\/3545#wpcf7-f3543-o1\">\n<fieldset class=\"hidden-fields-container\"><input type=\"hidden\" name=\"_wpcf7\" value=\"3543\" \/><input type=\"hidden\" name=\"_wpcf7_version\" value=\"6.1.5\" \/><input type=\"hidden\" name=\"_wpcf7_locale\" value=\"es_ES\" \/><input type=\"hidden\" name=\"_wpcf7_unit_tag\" value=\"wpcf7-f3543-o1\" \/><input type=\"hidden\" name=\"_wpcf7_container_post\" value=\"0\" \/><input type=\"hidden\" name=\"_wpcf7_posted_data_hash\" value=\"\" \/><input type=\"hidden\" name=\"_wpcf7_recaptcha_response\" value=\"\" \/>\n<\/fieldset>\n<div class=\"cont7\">\n\t<p><label> Your name<br \/>\n<span class=\"wpcf7-form-control-wrap\" data-name=\"nombre\"><input size=\"40\" maxlength=\"400\" class=\"wpcf7-form-control wpcf7-text wpcf7-validates-as-required\" aria-required=\"true\" aria-invalid=\"false\" value=\"\" type=\"text\" name=\"nombre\" \/><\/span> <\/label>\n\t<\/p>\n\t<p><label> Your e-mail<br \/>\n<span class=\"wpcf7-form-control-wrap\" data-name=\"your-email\"><input size=\"40\" maxlength=\"400\" class=\"wpcf7-form-control wpcf7-email wpcf7-validates-as-required wpcf7-text wpcf7-validates-as-email\" aria-required=\"true\" aria-invalid=\"false\" value=\"\" type=\"email\" name=\"your-email\" \/><\/span> <\/label>\n\t<\/p>\n\t<p><label> Company or Individual<br \/>\n<span class=\"wpcf7-form-control-wrap\" data-name=\"empresa-o-particular\"><input size=\"40\" maxlength=\"400\" class=\"wpcf7-form-control wpcf7-text wpcf7-validates-as-required\" aria-required=\"true\" aria-invalid=\"false\" value=\"\" type=\"text\" name=\"empresa-o-particular\" \/><\/span> <\/label>\n\t<\/p>\n\t<p><label> Phone<br \/>\n<span class=\"wpcf7-form-control-wrap\" data-name=\"telefono\"><input size=\"40\" maxlength=\"400\" class=\"wpcf7-form-control wpcf7-tel wpcf7-validates-as-required wpcf7-text wpcf7-validates-as-tel\" aria-required=\"true\" aria-invalid=\"false\" value=\"\" type=\"tel\" name=\"telefono\" \/><\/span> <\/label>\n\t<\/p>\n\t<p><label> Location<br \/>\n<span class=\"wpcf7-form-control-wrap\" data-name=\"localidad\"><input size=\"40\" maxlength=\"400\" class=\"wpcf7-form-control wpcf7-text wpcf7-validates-as-required\" aria-required=\"true\" aria-invalid=\"false\" value=\"\" type=\"text\" name=\"localidad\" \/><\/span> <\/label>\n\t<\/p>\n\t<p><span class=\"wpcf7-form-control-wrap\" data-name=\"acepta-gpdr\"><span class=\"wpcf7-form-control wpcf7-acceptance\"><span class=\"wpcf7-list-item\"><label><input type=\"checkbox\" name=\"acepta-gpdr\" value=\"1\" aria-invalid=\"false\" \/><span class=\"wpcf7-list-item-label\">I have read and accept the <a href=\"\/en\/politica-de-proteccion-de-datos-y-privacidad\/\" target=\"_blank\">Privacy Policy<\/a>.<\/span><\/label><\/span><\/span><\/span>\n\t<\/p>\n\t<p><input class=\"wpcf7-form-control wpcf7-submit has-spinner\" type=\"submit\" value=\"Send\" \/>\n\t<\/p>\n<\/div><div class=\"wpcf7-response-output\" aria-hidden=\"true\"><\/div>\n<input type=\"hidden\" name=\"trp-form-language\" value=\"en\"\/><\/form>\n<\/div>\n<\/div>\n\t\t\t\t\t\t<\/div>\n\t\t\t\t<\/div>\n\t\t\t\t\t<\/div>\n\t\t<\/div>\n\t\t\t\t\t<\/div>\n\t\t<\/section>\n\t\t\t\t<\/div>","protected":false},"excerpt":{"rendered":"<p>No somos Franquicia. Tenemos un modelo de negocio competitivo, con un valor a\u00f1adido. Nuestro Plan Estrat\u00e9gico como Marca Comercial que somos, es una unidad de trabajo en cada Ciudad. Ese es nuestro gran objetivo. Si est\u00e1s interesado rellena el formulario y charlaremos contigo, ya seas Empresa del Transporte, Inversor, Aut\u00f3nomo o quieras emprender\u00a0tu\u00a0negocio. Representa nuestra [&hellip;]<\/p>\n","protected":false},"author":1,"featured_media":0,"parent":0,"menu_order":0,"comment_status":"closed","ping_status":"closed","template":"","meta":{"_glsr_average":0,"_glsr_ranking":0,"_glsr_reviews":0,"footnotes":""},"class_list":["post-3545","page","type-page","status-publish","hentry"],"yoast_head":"<!-- This site is optimized with the Yoast SEO plugin v27.5 - https:\/\/yoast.com\/product\/yoast-seo-wordpress\/ -->\n<title>Representa nuestra marca - Portes Lorenzo<\/title>\n<meta name=\"robots\" content=\"index, follow, max-snippet:-1, max-image-preview:large, max-video-preview:-1\" \/>\n<link rel=\"canonical\" href=\"https:\/\/porteslorenzo.es\/en\/representa-nuestra-marca\/\" \/>\n<meta property=\"og:locale\" content=\"en_GB\" \/>\n<meta property=\"og:type\" content=\"article\" \/>\n<meta property=\"og:title\" content=\"Representa nuestra marca - Portes Lorenzo\" \/>\n<meta property=\"og:description\" content=\"No somos Franquicia. Tenemos un modelo de negocio competitivo, con un valor a\u00f1adido. Nuestro Plan Estrat\u00e9gico como Marca Comercial que somos, es una unidad de trabajo en cada Ciudad. Ese es nuestro gran objetivo. Si est\u00e1s interesado rellena el formulario y charlaremos contigo, ya seas Empresa del Transporte, Inversor, Aut\u00f3nomo o quieras emprender\u00a0tu\u00a0negocio. Representa nuestra [&hellip;]\" \/>\n<meta property=\"og:url\" content=\"https:\/\/porteslorenzo.es\/en\/representa-nuestra-marca\/\" \/>\n<meta property=\"og:site_name\" content=\"Portes Lorenzo\" \/>\n<meta property=\"article:publisher\" content=\"https:\/\/www.facebook.com\/porteslorenzo\" \/>\n<meta property=\"article:modified_time\" content=\"2023-10-03T08:16:36+00:00\" \/>\n<meta name=\"twitter:card\" content=\"summary_large_image\" \/>\n<script type=\"application\/ld+json\" class=\"yoast-schema-graph\">{\"@context\":\"https:\\\/\\\/schema.org\",\"@graph\":[{\"@type\":\"WebPage\",\"@id\":\"https:\\\/\\\/porteslorenzo.es\\\/representa-nuestra-marca\\\/\",\"url\":\"https:\\\/\\\/porteslorenzo.es\\\/representa-nuestra-marca\\\/\",\"name\":\"Representa nuestra marca - Portes Lorenzo\",\"isPartOf\":{\"@id\":\"https:\\\/\\\/porteslorenzo.es\\\/#website\"},\"datePublished\":\"2023-06-06T06:45:38+00:00\",\"dateModified\":\"2023-10-03T08:16:36+00:00\",\"breadcrumb\":{\"@id\":\"https:\\\/\\\/porteslorenzo.es\\\/representa-nuestra-marca\\\/#breadcrumb\"},\"inLanguage\":\"en-GB\",\"potentialAction\":[{\"@type\":\"ReadAction\",\"target\":[\"https:\\\/\\\/porteslorenzo.es\\\/representa-nuestra-marca\\\/\"]}]},{\"@type\":\"BreadcrumbList\",\"@id\":\"https:\\\/\\\/porteslorenzo.es\\\/representa-nuestra-marca\\\/#breadcrumb\",\"itemListElement\":[{\"@type\":\"ListItem\",\"position\":1,\"name\":\"Portada\",\"item\":\"https:\\\/\\\/porteslorenzo.es\\\/\"},{\"@type\":\"ListItem\",\"position\":2,\"name\":\"Representa nuestra marca\"}]},{\"@type\":\"WebSite\",\"@id\":\"https:\\\/\\\/porteslorenzo.es\\\/#website\",\"url\":\"https:\\\/\\\/porteslorenzo.es\\\/\",\"name\":\"Portes Lorenzo\",\"description\":\"Mudanzas, traslados y transportes industriales de manera f\u00e1cil, flexible y econ\u00f3mica por Madrid, nacional o internacional, para particulares y empresas.\",\"publisher\":{\"@id\":\"https:\\\/\\\/porteslorenzo.es\\\/#organization\"},\"potentialAction\":[{\"@type\":\"SearchAction\",\"target\":{\"@type\":\"EntryPoint\",\"urlTemplate\":\"https:\\\/\\\/porteslorenzo.es\\\/?s={search_term_string}\"},\"query-input\":{\"@type\":\"PropertyValueSpecification\",\"valueRequired\":true,\"valueName\":\"search_term_string\"}}],\"inLanguage\":\"en-GB\"},{\"@type\":\"Organization\",\"@id\":\"https:\\\/\\\/porteslorenzo.es\\\/#organization\",\"name\":\"Portes Lorenzo\",\"url\":\"https:\\\/\\\/porteslorenzo.es\\\/\",\"logo\":{\"@type\":\"ImageObject\",\"inLanguage\":\"en-GB\",\"@id\":\"https:\\\/\\\/porteslorenzo.es\\\/#\\\/schema\\\/logo\\\/image\\\/\",\"url\":\"https:\\\/\\\/porteslorenzo.es\\\/wp-content\\\/uploads\\\/2024\\\/06\\\/Portes_y_Mudanzas_Lorenzo_logo.webp\",\"contentUrl\":\"https:\\\/\\\/porteslorenzo.es\\\/wp-content\\\/uploads\\\/2024\\\/06\\\/Portes_y_Mudanzas_Lorenzo_logo.webp\",\"width\":521,\"height\":148,\"caption\":\"Portes Lorenzo\"},\"image\":{\"@id\":\"https:\\\/\\\/porteslorenzo.es\\\/#\\\/schema\\\/logo\\\/image\\\/\"},\"sameAs\":[\"https:\\\/\\\/www.facebook.com\\\/porteslorenzo\",\"https:\\\/\\\/www.linkedin.com\\\/company\\\/portes-lorenzo\\\/\",\"https:\\\/\\\/www.instagram.com\\\/portes_lorenzo\\\/\"]}]}<\/script>\n<!-- \/ Yoast SEO plugin. -->","yoast_head_json":{"title":"Representa nuestra marca - Portes Lorenzo","robots":{"index":"index","follow":"follow","max-snippet":"max-snippet:-1","max-image-preview":"max-image-preview:large","max-video-preview":"max-video-preview:-1"},"canonical":"https:\/\/porteslorenzo.es\/en\/representa-nuestra-marca\/","og_locale":"en_GB","og_type":"article","og_title":"Representa nuestra marca - Portes Lorenzo","og_description":"No somos Franquicia. Tenemos un modelo de negocio competitivo, con un valor a\u00f1adido. Nuestro Plan Estrat\u00e9gico como Marca Comercial que somos, es una unidad de trabajo en cada Ciudad. Ese es nuestro gran objetivo. Si est\u00e1s interesado rellena el formulario y charlaremos contigo, ya seas Empresa del Transporte, Inversor, Aut\u00f3nomo o quieras emprender\u00a0tu\u00a0negocio. Representa nuestra [&hellip;]","og_url":"https:\/\/porteslorenzo.es\/en\/representa-nuestra-marca\/","og_site_name":"Portes Lorenzo","article_publisher":"https:\/\/www.facebook.com\/porteslorenzo","article_modified_time":"2023-10-03T08:16:36+00:00","twitter_card":"summary_large_image","schema":{"@context":"https:\/\/schema.org","@graph":[{"@type":"WebPage","@id":"https:\/\/porteslorenzo.es\/representa-nuestra-marca\/","url":"https:\/\/porteslorenzo.es\/representa-nuestra-marca\/","name":"Representa nuestra marca - Portes Lorenzo","isPartOf":{"@id":"https:\/\/porteslorenzo.es\/#website"},"datePublished":"2023-06-06T06:45:38+00:00","dateModified":"2023-10-03T08:16:36+00:00","breadcrumb":{"@id":"https:\/\/porteslorenzo.es\/representa-nuestra-marca\/#breadcrumb"},"inLanguage":"en-GB","potentialAction":[{"@type":"ReadAction","target":["https:\/\/porteslorenzo.es\/representa-nuestra-marca\/"]}]},{"@type":"BreadcrumbList","@id":"https:\/\/porteslorenzo.es\/representa-nuestra-marca\/#breadcrumb","itemListElement":[{"@type":"ListItem","position":1,"name":"Portada","item":"https:\/\/porteslorenzo.es\/"},{"@type":"ListItem","position":2,"name":"Representa nuestra marca"}]},{"@type":"WebSite","@id":"https:\/\/porteslorenzo.es\/#website","url":"https:\/\/porteslorenzo.es\/","name":"Portes Lorenzo","description":"Mudanzas, traslados y transportes industriales de manera f\u00e1cil, flexible y econ\u00f3mica por Madrid, nacional o internacional, para particulares y empresas.","publisher":{"@id":"https:\/\/porteslorenzo.es\/#organization"},"potentialAction":[{"@type":"SearchAction","target":{"@type":"EntryPoint","urlTemplate":"https:\/\/porteslorenzo.es\/?s={search_term_string}"},"query-input":{"@type":"PropertyValueSpecification","valueRequired":true,"valueName":"search_term_string"}}],"inLanguage":"en-GB"},{"@type":"Organization","@id":"https:\/\/porteslorenzo.es\/#organization","name":"Portes Lorenzo","url":"https:\/\/porteslorenzo.es\/","logo":{"@type":"ImageObject","inLanguage":"en-GB","@id":"https:\/\/porteslorenzo.es\/#\/schema\/logo\/image\/","url":"https:\/\/porteslorenzo.es\/wp-content\/uploads\/2024\/06\/Portes_y_Mudanzas_Lorenzo_logo.webp","contentUrl":"https:\/\/porteslorenzo.es\/wp-content\/uploads\/2024\/06\/Portes_y_Mudanzas_Lorenzo_logo.webp","width":521,"height":148,"caption":"Portes Lorenzo"},"image":{"@id":"https:\/\/porteslorenzo.es\/#\/schema\/logo\/image\/"},"sameAs":["https:\/\/www.facebook.com\/porteslorenzo","https:\/\/www.linkedin.com\/company\/portes-lorenzo\/","https:\/\/www.instagram.com\/portes_lorenzo\/"]}]}},"_links":{"self":[{"href":"https:\/\/porteslorenzo.es\/en\/wp-json\/wp\/v2\/pages\/3545","targetHints":{"allow":["GET"]}}],"collection":[{"href":"https:\/\/porteslorenzo.es\/en\/wp-json\/wp\/v2\/pages"}],"about":[{"href":"https:\/\/porteslorenzo.es\/en\/wp-json\/wp\/v2\/types\/page"}],"author":[{"embeddable":true,"href":"https:\/\/porteslorenzo.es\/en\/wp-json\/wp\/v2\/users\/1"}],"replies":[{"embeddable":true,"href":"https:\/\/porteslorenzo.es\/en\/wp-json\/wp\/v2\/comments?post=3545"}],"version-history":[{"count":25,"href":"https:\/\/porteslorenzo.es\/en\/wp-json\/wp\/v2\/pages\/3545\/revisions"}],"predecessor-version":[{"id":3999,"href":"https:\/\/porteslorenzo.es\/en\/wp-json\/wp\/v2\/pages\/3545\/revisions\/3999"}],"wp:attachment":[{"href":"https:\/\/porteslorenzo.es\/en\/wp-json\/wp\/v2\/media?parent=3545"}],"curies":[{"name":"wp","href":"https:\/\/api.w.org\/{rel}","templated":true}]}}