{"id":3708,"date":"2023-06-12T09:48:52","date_gmt":"2023-06-12T07:48:52","guid":{"rendered":"https:\/\/nueva.porteslorenzo.es\/?page_id=3708"},"modified":"2023-10-03T10:18:46","modified_gmt":"2023-10-03T08:18:46","slug":"manitas-y-reformas-integrales","status":"publish","type":"page","link":"https:\/\/porteslorenzo.es\/en\/manitas-y-reformas-integrales\/","title":{"rendered":"Handyman and Comprehensive Reforms"},"content":{"rendered":"<div data-elementor-type=\"wp-page\" data-elementor-id=\"3708\" class=\"elementor elementor-3708\" data-elementor-post-type=\"page\">\n\t\t\t\t\t\t<section class=\"elementor-section elementor-top-section elementor-element elementor-element-467e060 elementor-section-full_width elementor-section-stretched elementor-section-height-default elementor-section-height-default\" data-id=\"467e060\" data-element_type=\"section\" data-e-type=\"section\" data-settings=\"{&quot;stretch_section&quot;:&quot;section-stretched&quot;,&quot;background_background&quot;:&quot;classic&quot;}\">\n\t\t\t\t\t\t\t<div class=\"elementor-background-overlay\"><\/div>\n\t\t\t\t\t\t\t<div class=\"elementor-container elementor-column-gap-default\">\n\t\t\t\t\t<div class=\"elementor-column elementor-col-50 elementor-top-column elementor-element elementor-element-b14d93a elementor-invisible\" data-id=\"b14d93a\" data-element_type=\"column\" data-e-type=\"column\" data-settings=\"{&quot;background_background&quot;:&quot;classic&quot;,&quot;animation&quot;:&quot;slideInLeft&quot;}\">\n\t\t\t<div class=\"elementor-widget-wrap elementor-element-populated\">\n\t\t\t\t\t\t<div class=\"elementor-element elementor-element-56d2854 elementor-widget elementor-widget-text-editor\" data-id=\"56d2854\" data-element_type=\"widget\" data-e-type=\"widget\" data-widget_type=\"text-editor.default\">\n\t\t\t\t<div class=\"elementor-widget-container\">\n\t\t\t\t\t\t\t\t\t<p>Through our experience, in a move we pull our guilds: plumbing, bricklayer, electricity, painting, cabinetmaking, even disassembling and assembling a new kitchen.<\/p><p>We are in contact with the largest Suppliers of Materials, household appliances, and furniture.<\/p><p>Tell us your needs, we do not care if it is a stopcock, than a comprehensive reform. We can give you a solution to all guilds.<\/p><p>We usually work this service in the Community of Madrid and neighboring provinces.<\/p>\t\t\t\t\t\t\t\t<\/div>\n\t\t\t\t<\/div>\n\t\t\t\t\t<\/div>\n\t\t<\/div>\n\t\t\t\t<div class=\"elementor-column elementor-col-50 elementor-top-column elementor-element elementor-element-d4bada6\" data-id=\"d4bada6\" data-element_type=\"column\" data-e-type=\"column\" data-settings=\"{&quot;background_background&quot;:&quot;classic&quot;}\">\n\t\t\t<div class=\"elementor-widget-wrap elementor-element-populated\">\n\t\t\t\t\t\t<div class=\"elementor-element elementor-element-a564984 elementor-widget elementor-widget-heading\" data-id=\"a564984\" data-element_type=\"widget\" data-e-type=\"widget\" data-widget_type=\"heading.default\">\n\t\t\t\t<div class=\"elementor-widget-container\">\n\t\t\t\t\t<h1 class=\"elementor-heading-title elementor-size-default\">Handyman and Comprehensive Reforms<\/h1>\t\t\t\t<\/div>\n\t\t\t\t<\/div>\n\t\t\t\t<div class=\"elementor-element elementor-element-d8722b5 elementor-widget__width-auto elementor-widget elementor-widget-shortcode\" data-id=\"d8722b5\" data-element_type=\"widget\" data-e-type=\"widget\" data-widget_type=\"shortcode.default\">\n\t\t\t\t<div class=\"elementor-widget-container\">\n\t\t\t\t\t\t\t<div class=\"elementor-shortcode\">\n<div class=\"wpcf7 no-js\" id=\"wpcf7-f3721-o1\" lang=\"es-ES\" dir=\"ltr\" data-wpcf7-id=\"3721\">\n<div class=\"screen-reader-response\"><p role=\"status\" aria-live=\"polite\" aria-atomic=\"true\"><\/p> <ul><\/ul><\/div>\n<form action=\"\/en\/wp-json\/wp\/v2\/pages\/3708#wpcf7-f3721-o1\" method=\"post\" class=\"wpcf7-form init\" aria-label=\"Formulario de contacto\" novalidate=\"novalidate\" data-status=\"init\" data-trp-original-action=\"\/en\/wp-json\/wp\/v2\/pages\/3708#wpcf7-f3721-o1\">\n<fieldset class=\"hidden-fields-container\"><input type=\"hidden\" name=\"_wpcf7\" value=\"3721\" \/><input type=\"hidden\" name=\"_wpcf7_version\" value=\"6.1.5\" \/><input type=\"hidden\" name=\"_wpcf7_locale\" value=\"es_ES\" \/><input type=\"hidden\" name=\"_wpcf7_unit_tag\" value=\"wpcf7-f3721-o1\" \/><input type=\"hidden\" name=\"_wpcf7_container_post\" value=\"0\" \/><input type=\"hidden\" name=\"_wpcf7_posted_data_hash\" value=\"\" \/><input type=\"hidden\" name=\"_wpcf7_recaptcha_response\" value=\"\" \/>\n<\/fieldset>\n<div class=\"cont7\">\n\t<p><label> Your name<br \/>\n<span class=\"wpcf7-form-control-wrap\" data-name=\"nombre\"><input size=\"40\" maxlength=\"400\" class=\"wpcf7-form-control wpcf7-text wpcf7-validates-as-required\" aria-required=\"true\" aria-invalid=\"false\" value=\"\" type=\"text\" name=\"nombre\" \/><\/span> <\/label>\n\t<\/p>\n\t<p><label> Your e-mail<br \/>\n<span class=\"wpcf7-form-control-wrap\" data-name=\"your-email\"><input size=\"40\" maxlength=\"400\" class=\"wpcf7-form-control wpcf7-email wpcf7-validates-as-required wpcf7-text wpcf7-validates-as-email\" aria-required=\"true\" aria-invalid=\"false\" value=\"\" type=\"email\" name=\"your-email\" \/><\/span> <\/label>\n\t<\/p>\n\t<p><label> Company or Individual<br \/>\n<span class=\"wpcf7-form-control-wrap\" data-name=\"empresa-o-particular\"><input size=\"40\" maxlength=\"400\" class=\"wpcf7-form-control wpcf7-text wpcf7-validates-as-required\" aria-required=\"true\" aria-invalid=\"false\" value=\"\" type=\"text\" name=\"empresa-o-particular\" \/><\/span> <\/label>\n\t<\/p>\n\t<p><label> Phone<br \/>\n<span class=\"wpcf7-form-control-wrap\" data-name=\"telefono\"><input size=\"40\" maxlength=\"400\" class=\"wpcf7-form-control wpcf7-tel wpcf7-validates-as-required wpcf7-text wpcf7-validates-as-tel\" aria-required=\"true\" aria-invalid=\"false\" value=\"\" type=\"tel\" name=\"telefono\" \/><\/span> <\/label>\n\t<\/p>\n\t<p><label> Location<br \/>\n<span class=\"wpcf7-form-control-wrap\" data-name=\"localidad\"><input size=\"40\" maxlength=\"400\" class=\"wpcf7-form-control wpcf7-text wpcf7-validates-as-required\" aria-required=\"true\" aria-invalid=\"false\" value=\"\" type=\"text\" name=\"localidad\" \/><\/span> <\/label>\n\t<\/p>\n\t<p><span class=\"wpcf7-form-control-wrap\" data-name=\"acepta-gpdr\"><span class=\"wpcf7-form-control wpcf7-acceptance\"><span class=\"wpcf7-list-item\"><label><input type=\"checkbox\" name=\"acepta-gpdr\" value=\"1\" aria-invalid=\"false\" \/><span class=\"wpcf7-list-item-label\">I have read and accept the <a href=\"\/en\/politica-de-proteccion-de-datos-y-privacidad\/\" target=\"_blank\">Privacy Policy<\/a>.<\/span><\/label><\/span><\/span><\/span>\n\t<\/p>\n\t<p><input class=\"wpcf7-form-control wpcf7-submit has-spinner\" type=\"submit\" value=\"Send\" \/>\n\t<\/p>\n<\/div><div class=\"wpcf7-response-output\" aria-hidden=\"true\"><\/div>\n<input type=\"hidden\" name=\"trp-form-language\" value=\"en\"\/><\/form>\n<\/div>\n<\/div>\n\t\t\t\t\t\t<\/div>\n\t\t\t\t<\/div>\n\t\t\t\t\t<\/div>\n\t\t<\/div>\n\t\t\t\t\t<\/div>\n\t\t<\/section>\n\t\t\t\t<\/div>","protected":false},"excerpt":{"rendered":"<p>A trav\u00e9s de nuestra experiencia, en una mudanza tiramos de nuestros gremios: fontaner\u00eda, alba\u00f1il, electricidad, pintura, ebanister\u00eda, incluso desmontar y montar una cocina nueva. Estamos en contacto con los mayores Proveedores de Materiales, electrodom\u00e9sticos, y mobiliario. Cu\u00e9ntanos tus necesidades, nos da igual que sea una llave de paso, que una reforma integral. Podemos darte soluci\u00f3n [&hellip;]<\/p>\n","protected":false},"author":1,"featured_media":0,"parent":0,"menu_order":0,"comment_status":"closed","ping_status":"closed","template":"","meta":{"_glsr_average":0,"_glsr_ranking":0,"_glsr_reviews":0,"footnotes":""},"class_list":["post-3708","page","type-page","status-publish","hentry"],"yoast_head":"<!-- This site is optimized with the Yoast SEO plugin v27.5 - https:\/\/yoast.com\/product\/yoast-seo-wordpress\/ -->\n<title>Manitas y Reformas Integrales - Portes Lorenzo<\/title>\n<meta name=\"robots\" content=\"index, follow, max-snippet:-1, max-image-preview:large, max-video-preview:-1\" \/>\n<link rel=\"canonical\" href=\"https:\/\/porteslorenzo.es\/en\/manitas-y-reformas-integrales\/\" \/>\n<meta property=\"og:locale\" content=\"en_GB\" \/>\n<meta property=\"og:type\" content=\"article\" \/>\n<meta property=\"og:title\" content=\"Manitas y Reformas Integrales - Portes Lorenzo\" \/>\n<meta property=\"og:description\" content=\"A trav\u00e9s de nuestra experiencia, en una mudanza tiramos de nuestros gremios: fontaner\u00eda, alba\u00f1il, electricidad, pintura, ebanister\u00eda, incluso desmontar y montar una cocina nueva. Estamos en contacto con los mayores Proveedores de Materiales, electrodom\u00e9sticos, y mobiliario. Cu\u00e9ntanos tus necesidades, nos da igual que sea una llave de paso, que una reforma integral. Podemos darte soluci\u00f3n [&hellip;]\" \/>\n<meta property=\"og:url\" content=\"https:\/\/porteslorenzo.es\/en\/manitas-y-reformas-integrales\/\" \/>\n<meta property=\"og:site_name\" content=\"Portes Lorenzo\" \/>\n<meta property=\"article:publisher\" content=\"https:\/\/www.facebook.com\/porteslorenzo\" \/>\n<meta property=\"article:modified_time\" content=\"2023-10-03T08:18:46+00:00\" \/>\n<meta name=\"twitter:card\" content=\"summary_large_image\" \/>\n<script type=\"application\/ld+json\" class=\"yoast-schema-graph\">{\"@context\":\"https:\\\/\\\/schema.org\",\"@graph\":[{\"@type\":\"WebPage\",\"@id\":\"https:\\\/\\\/porteslorenzo.es\\\/manitas-y-reformas-integrales\\\/\",\"url\":\"https:\\\/\\\/porteslorenzo.es\\\/manitas-y-reformas-integrales\\\/\",\"name\":\"Manitas y Reformas Integrales - Portes Lorenzo\",\"isPartOf\":{\"@id\":\"https:\\\/\\\/porteslorenzo.es\\\/#website\"},\"datePublished\":\"2023-06-12T07:48:52+00:00\",\"dateModified\":\"2023-10-03T08:18:46+00:00\",\"breadcrumb\":{\"@id\":\"https:\\\/\\\/porteslorenzo.es\\\/manitas-y-reformas-integrales\\\/#breadcrumb\"},\"inLanguage\":\"en-GB\",\"potentialAction\":[{\"@type\":\"ReadAction\",\"target\":[\"https:\\\/\\\/porteslorenzo.es\\\/manitas-y-reformas-integrales\\\/\"]}]},{\"@type\":\"BreadcrumbList\",\"@id\":\"https:\\\/\\\/porteslorenzo.es\\\/manitas-y-reformas-integrales\\\/#breadcrumb\",\"itemListElement\":[{\"@type\":\"ListItem\",\"position\":1,\"name\":\"Portada\",\"item\":\"https:\\\/\\\/porteslorenzo.es\\\/\"},{\"@type\":\"ListItem\",\"position\":2,\"name\":\"Manitas y Reformas Integrales\"}]},{\"@type\":\"WebSite\",\"@id\":\"https:\\\/\\\/porteslorenzo.es\\\/#website\",\"url\":\"https:\\\/\\\/porteslorenzo.es\\\/\",\"name\":\"Portes Lorenzo\",\"description\":\"Mudanzas, traslados y transportes industriales de manera f\u00e1cil, flexible y econ\u00f3mica por Madrid, nacional o internacional, para particulares y empresas.\",\"publisher\":{\"@id\":\"https:\\\/\\\/porteslorenzo.es\\\/#organization\"},\"potentialAction\":[{\"@type\":\"SearchAction\",\"target\":{\"@type\":\"EntryPoint\",\"urlTemplate\":\"https:\\\/\\\/porteslorenzo.es\\\/?s={search_term_string}\"},\"query-input\":{\"@type\":\"PropertyValueSpecification\",\"valueRequired\":true,\"valueName\":\"search_term_string\"}}],\"inLanguage\":\"en-GB\"},{\"@type\":\"Organization\",\"@id\":\"https:\\\/\\\/porteslorenzo.es\\\/#organization\",\"name\":\"Portes Lorenzo\",\"url\":\"https:\\\/\\\/porteslorenzo.es\\\/\",\"logo\":{\"@type\":\"ImageObject\",\"inLanguage\":\"en-GB\",\"@id\":\"https:\\\/\\\/porteslorenzo.es\\\/#\\\/schema\\\/logo\\\/image\\\/\",\"url\":\"https:\\\/\\\/porteslorenzo.es\\\/wp-content\\\/uploads\\\/2024\\\/06\\\/Portes_y_Mudanzas_Lorenzo_logo.webp\",\"contentUrl\":\"https:\\\/\\\/porteslorenzo.es\\\/wp-content\\\/uploads\\\/2024\\\/06\\\/Portes_y_Mudanzas_Lorenzo_logo.webp\",\"width\":521,\"height\":148,\"caption\":\"Portes Lorenzo\"},\"image\":{\"@id\":\"https:\\\/\\\/porteslorenzo.es\\\/#\\\/schema\\\/logo\\\/image\\\/\"},\"sameAs\":[\"https:\\\/\\\/www.facebook.com\\\/porteslorenzo\",\"https:\\\/\\\/www.linkedin.com\\\/company\\\/portes-lorenzo\\\/\",\"https:\\\/\\\/www.instagram.com\\\/portes_lorenzo\\\/\"]}]}<\/script>\n<!-- \/ Yoast SEO plugin. -->","yoast_head_json":{"title":"Manitas y Reformas Integrales - Portes Lorenzo","robots":{"index":"index","follow":"follow","max-snippet":"max-snippet:-1","max-image-preview":"max-image-preview:large","max-video-preview":"max-video-preview:-1"},"canonical":"https:\/\/porteslorenzo.es\/en\/manitas-y-reformas-integrales\/","og_locale":"en_GB","og_type":"article","og_title":"Manitas y Reformas Integrales - Portes Lorenzo","og_description":"A trav\u00e9s de nuestra experiencia, en una mudanza tiramos de nuestros gremios: fontaner\u00eda, alba\u00f1il, electricidad, pintura, ebanister\u00eda, incluso desmontar y montar una cocina nueva. Estamos en contacto con los mayores Proveedores de Materiales, electrodom\u00e9sticos, y mobiliario. Cu\u00e9ntanos tus necesidades, nos da igual que sea una llave de paso, que una reforma integral. Podemos darte soluci\u00f3n [&hellip;]","og_url":"https:\/\/porteslorenzo.es\/en\/manitas-y-reformas-integrales\/","og_site_name":"Portes Lorenzo","article_publisher":"https:\/\/www.facebook.com\/porteslorenzo","article_modified_time":"2023-10-03T08:18:46+00:00","twitter_card":"summary_large_image","schema":{"@context":"https:\/\/schema.org","@graph":[{"@type":"WebPage","@id":"https:\/\/porteslorenzo.es\/manitas-y-reformas-integrales\/","url":"https:\/\/porteslorenzo.es\/manitas-y-reformas-integrales\/","name":"Manitas y Reformas Integrales - Portes Lorenzo","isPartOf":{"@id":"https:\/\/porteslorenzo.es\/#website"},"datePublished":"2023-06-12T07:48:52+00:00","dateModified":"2023-10-03T08:18:46+00:00","breadcrumb":{"@id":"https:\/\/porteslorenzo.es\/manitas-y-reformas-integrales\/#breadcrumb"},"inLanguage":"en-GB","potentialAction":[{"@type":"ReadAction","target":["https:\/\/porteslorenzo.es\/manitas-y-reformas-integrales\/"]}]},{"@type":"BreadcrumbList","@id":"https:\/\/porteslorenzo.es\/manitas-y-reformas-integrales\/#breadcrumb","itemListElement":[{"@type":"ListItem","position":1,"name":"Portada","item":"https:\/\/porteslorenzo.es\/"},{"@type":"ListItem","position":2,"name":"Manitas y Reformas Integrales"}]},{"@type":"WebSite","@id":"https:\/\/porteslorenzo.es\/#website","url":"https:\/\/porteslorenzo.es\/","name":"Portes Lorenzo","description":"Mudanzas, traslados y transportes industriales de manera f\u00e1cil, flexible y econ\u00f3mica por Madrid, nacional o internacional, para particulares y empresas.","publisher":{"@id":"https:\/\/porteslorenzo.es\/#organization"},"potentialAction":[{"@type":"SearchAction","target":{"@type":"EntryPoint","urlTemplate":"https:\/\/porteslorenzo.es\/?s={search_term_string}"},"query-input":{"@type":"PropertyValueSpecification","valueRequired":true,"valueName":"search_term_string"}}],"inLanguage":"en-GB"},{"@type":"Organization","@id":"https:\/\/porteslorenzo.es\/#organization","name":"Portes Lorenzo","url":"https:\/\/porteslorenzo.es\/","logo":{"@type":"ImageObject","inLanguage":"en-GB","@id":"https:\/\/porteslorenzo.es\/#\/schema\/logo\/image\/","url":"https:\/\/porteslorenzo.es\/wp-content\/uploads\/2024\/06\/Portes_y_Mudanzas_Lorenzo_logo.webp","contentUrl":"https:\/\/porteslorenzo.es\/wp-content\/uploads\/2024\/06\/Portes_y_Mudanzas_Lorenzo_logo.webp","width":521,"height":148,"caption":"Portes Lorenzo"},"image":{"@id":"https:\/\/porteslorenzo.es\/#\/schema\/logo\/image\/"},"sameAs":["https:\/\/www.facebook.com\/porteslorenzo","https:\/\/www.linkedin.com\/company\/portes-lorenzo\/","https:\/\/www.instagram.com\/portes_lorenzo\/"]}]}},"_links":{"self":[{"href":"https:\/\/porteslorenzo.es\/en\/wp-json\/wp\/v2\/pages\/3708","targetHints":{"allow":["GET"]}}],"collection":[{"href":"https:\/\/porteslorenzo.es\/en\/wp-json\/wp\/v2\/pages"}],"about":[{"href":"https:\/\/porteslorenzo.es\/en\/wp-json\/wp\/v2\/types\/page"}],"author":[{"embeddable":true,"href":"https:\/\/porteslorenzo.es\/en\/wp-json\/wp\/v2\/users\/1"}],"replies":[{"embeddable":true,"href":"https:\/\/porteslorenzo.es\/en\/wp-json\/wp\/v2\/comments?post=3708"}],"version-history":[{"count":10,"href":"https:\/\/porteslorenzo.es\/en\/wp-json\/wp\/v2\/pages\/3708\/revisions"}],"predecessor-version":[{"id":4002,"href":"https:\/\/porteslorenzo.es\/en\/wp-json\/wp\/v2\/pages\/3708\/revisions\/4002"}],"wp:attachment":[{"href":"https:\/\/porteslorenzo.es\/en\/wp-json\/wp\/v2\/media?parent=3708"}],"curies":[{"name":"wp","href":"https:\/\/api.w.org\/{rel}","templated":true}]}}